{"id":1853,"date":"2021-11-23T09:45:29","date_gmt":"2021-11-23T07:45:29","guid":{"rendered":"https:\/\/media-azi.md\/acte-legislative\/"},"modified":"2021-12-20T13:11:26","modified_gmt":"2021-12-20T11:11:26","slug":"laws","status":"publish","type":"page","link":"https:\/\/media-azi.md\/en\/laws\/","title":{"rendered":"Laws"},"content":{"rendered":"\n<h1 class=\"wp-block-heading\">Legisla\u021bie<\/h1>\n\n\n\n<p>Un jurnalist bun \u0219tie nu doar s\u0103 fac\u0103 \u0219tiri corecte, dar \u0219tie \u0219i ce spune buchea legii. G\u0103si\u021bi mai jos ce prevede cadrul legal despre libertatea de exprimare, accesul la informa\u021bie \u0219i dreptul de autor. La fel, g\u0103si\u021bi \u0219i extrase din codul penal, contraven\u021bional, electoral, dar \u0219i alte legi utile.<\/p>\n\n\n\n<ul class=\"wp-block-list\"><li><a href=\"https:\/\/media-azi.md\/sites\/default\/files\/Constitutia_extrase_art.4-8_art.20-23_art.28-34_art.38-42_52-55_rom.pdf\" target=\"_blank\" rel=\"noreferrer noopener\">Constitu\u021bia (extrase)<\/a><\/li><li><a href=\"https:\/\/media-azi.md\/sites\/default\/files\/Codul-serviciilor-media-audiovizuale.pdf\">Codul serviciilor media audiovizuale<\/a><\/li><li><a href=\"https:\/\/media-azi.md\/sites\/default\/files\/cod-civil-art-1-452-UP.PDF\" target=\"_blank\" rel=\"noreferrer noopener\">Codul Civil (extrase)<\/a><\/li><li><a href=\"https:\/\/media-azi.md\/sites\/default\/files\/codul-contraventional-UP.PDF\" target=\"_blank\" rel=\"noreferrer noopener\">Codul Contraven\u021bional (extrase)<\/a><\/li><li><a href=\"https:\/\/media-azi.md\/sites\/default\/files\/cod-penal-UP.PDF\" target=\"_blank\" rel=\"noreferrer noopener\">Codul Penal (extrase)<\/a><\/li><li><a href=\"https:\/\/media-azi.md\/sites\/default\/files\/L-libertate-de-exprimare.pdf\" target=\"_blank\" rel=\"noreferrer noopener\">Legea cu privire la libertatea de exprimare<\/a><\/li><li><a href=\"https:\/\/media-azi.md\/sites\/default\/files\/Comentariul_la_Legea_%20cu_privire_libertatea_de_exprimare.pdf\" target=\"_blank\" rel=\"noreferrer noopener\">Comentariu la Legea cu privire la libertatea de exprimare<\/a><\/li><li><a href=\"https:\/\/media-azi.md\/sites\/default\/files\/L-accesul-la-informatie.pdf\" target=\"_blank\" rel=\"noreferrer noopener\">Legea privind accesul la informa\u021bie<\/a><\/li><li><a href=\"https:\/\/media-azi.md\/sites\/default\/files\/L-transparenta-in-proces-decizional.pdf\" target=\"_blank\" rel=\"noreferrer noopener\">Legea privind transparenta \u00een procesul decizional<\/a><\/li><li><a href=\"https:\/\/media-azi.md\/sites\/default\/files\/L-drepturi-de-autor.pdf\" target=\"_blank\" rel=\"noreferrer noopener\">Legea privind dreptul de autor \u0219i drepturile conexe<\/a><\/li><li><a href=\"https:\/\/media-azi.md\/sites\/default\/files\/L-deetatizare.pdf\" target=\"_blank\" rel=\"noreferrer noopener\">Legea privind deetatizarea publica\u021biilor periodice publice<\/a><\/li><li><a href=\"https:\/\/media-azi.md\/sites\/default\/files\/L-presei.pdf\" target=\"_blank\" rel=\"noreferrer noopener\">Legea presei<\/a><\/li><li><a href=\"https:\/\/media-azi.md\/sites\/default\/files\/L-cu-priv-la-publicitate.pdf\" target=\"_blank\" rel=\"noreferrer noopener\">Legea&nbsp;cu privire la publicitate<\/a><\/li><li><a href=\"https:\/\/media-azi.md\/sites\/default\/files\/L-cu-priv-la-secretul-de-stat.pdf\" target=\"_blank\" rel=\"noreferrer noopener\">Legea cu privire la secretul de stat<\/a><\/li><li><a href=\"https:\/\/media-azi.md\/sites\/default\/files\/L-activitatii-extremiste.pdf\" target=\"_blank\" rel=\"noreferrer noopener\">Legea privind contracararea activit\u0103\u021bii extremiste<\/a><\/li><li><a href=\"https:\/\/media-azi.md\/sites\/default\/files\/CSM_Regulamentul_cu_privire_la_serviciul_de_informare_publica_si_relatii_cu_mass-media_rom.pdf\" target=\"_blank\" rel=\"noreferrer noopener\">Regulamentul CSM cu privire la serviciul de informare public\u0103 \u0219i rela\u021biile cu mass-media<\/a><\/li><li><a href=\"https:\/\/media-azi.md\/sites\/default\/files\/planul-national-de-actiuni-in-domeniul-drepturilor-omului.pdf\">Planul na\u021bional de ac\u021biuni \u00een domeniul drepturilor omului (extrase)<\/a><\/li><li><a href=\"https:\/\/media-azi.md\/sites\/default\/files\/concept-de-dezv-a-mass-media.pdf\">Concep\u021bia na\u021bional\u0103 de dezvoltare a mass-media<\/a><\/li><li><a href=\"https:\/\/media-azi.md\/sites\/default\/files\/concept-securitatii-informationale.pdf\">Concep\u021bia securit\u0103\u021bii informa\u021bionale<\/a><\/li><\/ul>\n\n\n\n<h1 class=\"wp-block-heading\">Proiecte Legislative CJI<\/h1>\n\n\n\n<ul class=\"wp-block-list\"><li><a href=\"https:\/\/media-azi.md\/sites\/default\/files\/Proiect%20lege%20pentru%20modificarea%20si%20completarea%20Legii%20privind%20accesul%20la%20informatie%20si%20a%20Codului%20Contraventional_1.pdf\" target=\"_blank\" rel=\"noreferrer noopener\">Proiect lege pentru modificarea si completarea Legii privind accesul la informatie si a Codului Contraventional<\/a><\/li><li><a href=\"https:\/\/media-azi.md\/sites\/default\/files\/Proiect_de_lege_pentru_modificarea_si_completarea_Legii_privind_achizitiile_publice.pdf\" target=\"_blank\" rel=\"noreferrer noopener\">Proiect de lege pentru modificarea \u0219i completarea Legii privind achizi\u021biile publice<\/a><\/li><li><a href=\"https:\/\/media-azi.md\/sites\/default\/files\/Proiect_de_lege_pentru_modificarea_si_completarea_Codului_audiovizualului_al_Republicii_Moldova.pdf\" target=\"_blank\" rel=\"noreferrer noopener\">Proiect de lege pentru modificarea \u0219i completarea Codului Audiovizualului al Republicii Moldova<\/a><\/li><li><a href=\"https:\/\/media-azi.md\/sites\/default\/files\/Proiect_Codul_Audiovizualului.pdf\" target=\"_blank\" rel=\"noreferrer noopener\">Proiect Codul Audiovizualului<\/a><\/li><li><a href=\"https:\/\/media-azi.md\/sites\/default\/files\/Proiect_de_lege_pentru_modificarea_si_completarea_Codului_Electoral_al_Republicii_Moldova.pdf\" target=\"_blank\" rel=\"noreferrer noopener\">Proiect de lege pentru modificarea \u0219i completarea Codului Electoral&nbsp;al Republicii Moldova<\/a><\/li><li><a href=\"https:\/\/media-azi.md\/sites\/default\/files\/Draft_Legea_publicitatii_06_2017_si_nota_informativa_PDF.pdf\">Proiectul noii legi cu privire la publicitate<\/a><\/li><li><a href=\"https:\/\/media-azi.md\/sites\/default\/files\/proiectul-celor-7-legi.pdf\">Proiectul celor 7 legi&nbsp;pentru \u00eembun\u0103t\u0103\u021birea legisla\u021biei mass-media<\/a><\/li><\/ul>\n","protected":false},"excerpt":{"rendered":"<p>Legisla\u021bie Un jurnalist bun \u0219tie nu doar s\u0103 fac\u0103 \u0219tiri corecte, dar \u0219tie \u0219i ce spune buchea legii. G\u0103si\u021bi mai jos ce prevede cadrul legal despre libertatea de exprimare, accesul la informa\u021bie \u0219i dreptul de autor. La fel, g\u0103si\u021bi \u0219i extrase din codul penal, contraven\u021bional, electoral, dar \u0219i alte legi utile. Constitu\u021bia (extrase)Codul serviciilor media &hellip;<\/p>\n","protected":false},"author":1,"featured_media":0,"parent":0,"menu_order":0,"comment_status":"closed","ping_status":"closed","template":"","meta":{"_acf_changed":false,"_uag_custom_page_level_css":"","_FSMCFIC_featured_image_caption":"","_FSMCFIC_featured_image_nocaption":"","_FSMCFIC_featured_image_hide":"","footnotes":""},"class_list":["post-1853","page","type-page","status-publish","hentry"],"acf":[],"uagb_featured_image_src":{"full":false,"thumbnail":false,"medium":false,"medium_large":false,"large":false,"1536x1536":false,"2048x2048":false,"jannah-image-small":false,"jannah-image-large":false,"jannah-image-post":false,"awsm_team":false},"uagb_author_info":{"display_name":"sadmin","author_link":"https:\/\/media-azi.md\/en\/author\/sadmin\/"},"uagb_comment_info":0,"uagb_excerpt":"Legisla\u021bie Un jurnalist bun \u0219tie nu doar s\u0103 fac\u0103 \u0219tiri corecte, dar \u0219tie \u0219i ce spune buchea legii. G\u0103si\u021bi mai jos ce prevede cadrul legal despre libertatea de exprimare, accesul la informa\u021bie \u0219i dreptul de autor. La fel, g\u0103si\u021bi \u0219i extrase din codul penal, contraven\u021bional, electoral, dar \u0219i alte legi utile. Constitu\u021bia (extrase)Codul serviciilor media&hellip;","amp_enabled":true,"_links":{"self":[{"href":"https:\/\/media-azi.md\/en\/wp-json\/wp\/v2\/pages\/1853","targetHints":{"allow":["GET"]}}],"collection":[{"href":"https:\/\/media-azi.md\/en\/wp-json\/wp\/v2\/pages"}],"about":[{"href":"https:\/\/media-azi.md\/en\/wp-json\/wp\/v2\/types\/page"}],"author":[{"embeddable":true,"href":"https:\/\/media-azi.md\/en\/wp-json\/wp\/v2\/users\/1"}],"replies":[{"embeddable":true,"href":"https:\/\/media-azi.md\/en\/wp-json\/wp\/v2\/comments?post=1853"}],"version-history":[{"count":2,"href":"https:\/\/media-azi.md\/en\/wp-json\/wp\/v2\/pages\/1853\/revisions"}],"predecessor-version":[{"id":1858,"href":"https:\/\/media-azi.md\/en\/wp-json\/wp\/v2\/pages\/1853\/revisions\/1858"}],"wp:attachment":[{"href":"https:\/\/media-azi.md\/en\/wp-json\/wp\/v2\/media?parent=1853"}],"curies":[{"name":"wp","href":"https:\/\/api.w.org\/{rel}","templated":true}]}}