{"id":1841,"date":"2021-10-01T16:40:51","date_gmt":"2021-10-01T13:40:51","guid":{"rendered":"https:\/\/media-azi.md\/biblioteca\/"},"modified":"2022-01-23T15:01:19","modified_gmt":"2022-01-23T13:01:19","slug":"ijc-library","status":"publish","type":"page","link":"https:\/\/media-azi.md\/en\/ijc-library\/","title":{"rendered":"IJC Library"},"content":{"rendered":"\n<p>Beneficiarii CJI au acces liber la o bibliotec\u0103 ce con\u021bine din peste 3000 de titluri \u0219i 4240 de exemplare de c\u0103r\u021bi, bro\u0219uri \u0219i filme din diverse domenii, cum ar fi conflictologia, dezvoltarea socio-economic\u0103, guvernarea, drepturile omului, integrarea european\u0103 etc. Biblioteca a fost transmis\u0103 CJI de c\u0103tre Unitatea de implementare a proiectului \u201eCrearea unui cadru de rela\u021bii pa\u0219nice \u00een Republica Moldova\u201d (Proiectul PBF).<\/p>\n\n\n\n<p>C\u0103r\u021bile din biblioteca noastr\u0103 includ titluri \u00een limbile rom\u00e2n\u0103, englez\u0103, francez\u0103, rus\u0103, german\u0103, fiind structurate pe diferite compartimente:<\/p>\n\n\n\n<ul class=\"wp-block-list\"><li>presa scris\u0103&nbsp;<\/li><li>radio<\/li><li>TV<\/li><li>management<\/li><li>rela\u021bii publice<\/li><li>legisla\u021bia mass-media<\/li><li>dic\u021bionare<\/li><\/ul>\n\n\n\n<p>Jurnali\u0219tii pot utiliza copiatorul CJI pentru a face copii ale textelor solicitate sau, \u00een anumite condi\u021bii, pot \u00eemprumuta c\u0103r\u021bile pentru o perioad\u0103 determinat\u0103. \u00cen plus, biblioteca pune la dispozi\u021bie diverse&nbsp;<a href=\"http:\/\/old.media-azi.md\/ro\/publica%C8%9Bii\" target=\"_blank\" rel=\"noreferrer noopener\">rapoarte, studii, evalu\u0103ri<\/a>,&nbsp;<a href=\"https:\/\/media-azi.md\/ro\/legislatie\">acte legislative<\/a>,&nbsp;<a href=\"https:\/\/media-azi.md\/ro\/buletin-legislativ\" target=\"_blank\" rel=\"noreferrer noopener\">buletin legislativ<\/a>&nbsp;\u0219i alte documente privind mass-media \u00een Republica Moldova \u0219i alte \u021b\u0103ri.<\/p>\n\n\n\n<p><a href=\"https:\/\/media-azi.md\/sites\/default\/files\/lista%20cartilor%20din%20biblioteca%20CJI.xlsx\">Descarc\u0103 lista cartilor din biblioteca CJI.<\/a><\/p>\n\n\n\n<p>Mai jos gasiti o colectie de publicatii in format electronic (PDF).<\/p>\n\n\n\n<p><strong>Carti publicate de CJI:<\/strong><\/p>\n\n\n\n<ul class=\"wp-block-list\"><li><a href=\"https:\/\/media-azi.md\/sites\/default\/files\/o_introducere_in_presa.pdf\">O introducere in presa scris\u0103 \u0219i vorbit\u0103<\/a><\/li><li><a href=\"https:\/\/media-azi.md\/publicatii\/publicate-de-cji\/ghid_prac_rom_2012_final.pdf\">Ghid de bune practici pentru presa online<\/a><\/li><li><a href=\"https:\/\/media-azi.md\/publicatii\/publicate-de-cji\/ghid_prac_rus_2012_final.pdf\">\u0421\u0432\u043e\u0434 \u044d\u0442\u0438\u0447\u0435\u0441\u043a\u0438\u0445 \u043f\u0440\u0430\u0432\u0438\u043b \u0434\u043b\u044f \u043e\u043d\u043b\u0430\u0439\u043d\u043e\u0432\u044b\u0445 \u0421\u041c\u0418: \u0433\u0438\u0434 \u0436\u0443\u0440\u043d\u0430\u043b\u0438\u0441\u0442\u0430<\/a><\/li><li><a href=\"https:\/\/media-azi.md\/publicatii\/publicate-de-cji\/Jurnalismul_pentru_omul_de_rand.zip\">Jurnalismul pentru omul de rand<\/a><\/li><li><a href=\"https:\/\/media-azi.md\/publicatii\/publicate-de-cji\/zece_pasi.rar\">Zece pasi spre ancheta reportericeasca<\/a><\/li><li><a href=\"https:\/\/media-azi.md\/publicatii\/publicate-de-cji\/audit.pdf\">Perspectivele crearii in Republica Moldova a unui Birou de Audit al Tirajelor<\/a><\/li><li><a href=\"https:\/\/media-azi.md\/publicatii\/publicate-de-cji\/seenpm.pdf\">Impact assessment of media training<\/a><\/li><li><a href=\"https:\/\/media-azi.md\/publicatii\/publicate-de-cji\/diversitate.pdf\">Reflectarea diversitatii in presa<\/a><\/li><li><a href=\"https:\/\/media-azi.md\/publicatii\/publicate-de-cji\/ghid_juridic.pdf\">Mass-media si campania electorala<\/a><\/li><li><a href=\"https:\/\/media-azi.md\/publicatii\/publicate-de-cji\/ghid_ru.pdf\">\u0421\u0440\u0435\u0434\u0441\u0442\u0432\u0430 \u043c\u0430\u0441\u0441\u043e\u0432\u043e\u0439 \u0438\u043d\u0444\u043e\u0440\u043c\u0430\u0446\u0438\u0438 \u0438 \u0438\u0437\u0431\u0438\u0440\u0430\u0442\u0435\u043b\u044c\u043d\u0430\u044f \u043a\u0430\u043c\u043f\u0430\u043d\u0438\u044f<\/a><\/li><li><a href=\"https:\/\/media-azi.md\/publicatii\/publicate-de-cji\/monitoring_trafic.pdf\">Reflectarea in mass media a fenomenului traficul de fiinte umane si a prevenirii acestuia<\/a><\/li><li><a href=\"https:\/\/media-azi.md\/publicatii\/publicate-de-cji\/perspective.pdf\">Scriem pentru a informa si preveni<\/a><\/li><li><a href=\"https:\/\/media-azi.md\/publicatii\/publicate-de-cji\/conflictologie.pdf\">Conflictologie aplicata pentru jurnalisti<\/a><\/li><li><a href=\"https:\/\/media-azi.md\/publicatii\/publicate-de-cji\/conflict.pdf\">\u041f\u0440\u0438\u043a\u043b\u0430\u0434\u043d\u0430\u044f \u043a\u043e\u043d\u0444\u043b\u0438\u043a\u0442\u043e\u043b\u043e\u0433\u0438\u044f<\/a><\/li><li><a href=\"https:\/\/media-azi.md\/publicatii\/publicate-de-cji\/presa_scrisa_rom.pdf\">Mass-Media din UTA Gagauz-Yeri de la controlul de stat la independenta. Recomandari pentru presa scrisa<\/a><\/li><li><a href=\"https:\/\/media-azi.md\/publicatii\/publicate-de-cji\/presa_scrisa_rus.pdf\">\u0421\u041c\u0418 \u0413\u0430\u0433\u0430\u0443\u0437\u0438\u0438 &#8211; \u043e\u0442 \u0433\u043e\u0441\u0443\u0434\u0430\u0440\u0441\u0442\u0432\u0435\u043d\u043d\u043e\u0433\u043e \u043a\u043e\u043d\u0442\u0440\u043e\u043b\u044f \u043a \u043d\u0435\u0437\u0430\u0432\u0438\u0441\u0438\u043c\u043e\u0441\u0442\u0438. \u0420\u0435\u043ao\u043c\u0435\u043d\u0434\u0430\u0446\u0438\u0438 \u0434\u043b\u044f \u0441\u043e\u0442\u0440\u0443\u0434\u043d\u0438\u043a\u043e\u0432 \u043f\u0435\u0447\u0430\u0442\u043d\u044b\u0445 \u0438\u0437\u0434\u0430\u043d\u0438\u0439<\/a><\/li><li><a href=\"https:\/\/media-azi.md\/publicatii\/publicate-de-cji\/audiovizual_rus.pdf\">\u0421\u041c\u0418 \u0413\u0430\u0433\u0430\u0443\u0437\u0438\u0438 &#8211; \u043e\u0442 \u0433\u043e\u0441\u0443\u0434\u0430\u0440\u0441\u0442\u0432\u0435\u043d\u043d\u043e\u0433\u043e \u043a\u043e\u043d\u0442\u0440\u043e\u043b\u044f \u043a \u043d\u0435\u0437\u0430\u0432\u0438\u0441\u0438\u043c\u043e\u0441\u0442\u0438. \u0420\u0435\u043ao\u043c\u0435\u043d\u0434\u0430\u0446\u0438\u0438 \u0434\u043b\u044f \u0441\u043e\u0442\u0440\u0443\u0434\u043d\u0438\u043a\u043e\u0432 \u0442\u0435\u043b\u0435\u0432\u0438\u0434\u0435\u043d\u0438\u044f \u0438 \u0440\u0430\u0434\u0438\u043e<\/a><\/li><li><a href=\"https:\/\/media-azi.md\/publicatii\/publicate-de-cji\/audiovizual_rom.pdf\">Mass-Media din UTA Gagauz-Yeri&nbsp; de la controlul de stat la independenta. Recomandari pentru audiovizual<\/a><\/li><li><a href=\"https:\/\/media-azi.md\/publicatii\/publicate-de-cji\/raport_Gagauzia_2007_rom.pdf\">Proiectul &#8220;Perspectivele crearii mass-media profesioniste si rentabile in UTA Gagauz-Yeri&#8221;. Raport final<\/a><\/li><li><a href=\"https:\/\/media-azi.md\/publicatii\/publicate-de-cji\/raport_Gagauzia_2007_rus.pdf\">\u041f\u0440\u043e\u0435\u043a\u0442 &#8220;\u041f\u0435\u0440\u0441\u043f\u0435\u043a\u0442\u0438\u0432\u044b \u0441\u043e\u0437\u0434\u0430\u043d\u0438\u044f \u043f\u0440\u043e\u0444\u0435\u0441\u0441\u0438\u043e\u043d\u0430\u043b\u044c\u043d\u044b\u0445 \u0438 \u0440\u0435\u043d\u0442\u0430\u0431\u0435\u043b\u044c\u043d\u044b\u0445 \u0421\u041c\u0418 \u0432 \u0410\u0422\u041e \u0413\u0430\u0433\u0430\u0443\u0437-\u0415\u0440\u0438&#8221;. \u0417\u0430\u043a\u043b\u044e\u0447\u0438\u0442\u0435\u043b\u044c\u043d\u044b\u0439 \u043e\u0442\u0447\u0451\u0442<\/a><\/li><li><a href=\"https:\/\/media-azi.md\/publicatii\/publicate-de-cji\/Labor_Relations_and_Media.pdf\">Labor Relations and Media<\/a><\/li><li><a href=\"https:\/\/media-azi.md\/publicatii\/publicate-de-cji\/jurnalistica_grigoryan_ro.pdf\">Manual de jurnalism<\/a><\/li><li><a href=\"https:\/\/media-azi.md\/publicatii\/publicate-de-cji\/jurnalistica_grigoryan_ru.pdf\">\u041f\u043e\u0441\u043e\u0431\u0438\u0435 \u043f\u043e \u0436\u0443\u0440\u043d\u0430\u043b\u0438\u0441\u0442\u0438\u043a\u0435<\/a><\/li><li><a href=\"https:\/\/media-azi.md\/publicatii\/publicate-de-cji\/ghid_mass_media_2008.pdf\">Ghid mass-media 2008<\/a><\/li><li><a href=\"https:\/\/media-azi.md\/publicatii\/publicate-de-cji\/raport_cij.pdf\">Reflectarea in mass media a fenomenului traficul de fiinte umane si a prevenirii acestuia. Evolutii si provocari 2005 &#8211; 2008<\/a><\/li><\/ul>\n\n\n\n<p><strong>Publicatii oferite de alte organizatii:<\/strong><\/p>\n\n\n\n<ul class=\"wp-block-list\"><li><a href=\"https:\/\/media-azi.md\/publicatii\/publicate-de-altii\/IFJ_Gender_en.pdf\">Getting the balance right: gender equality in journalism<\/a><\/li><li><a href=\"http:\/\/www.thenewsmanual.net\/\">The News Manual<\/a><\/li><li><a href=\"http:\/\/www.api.md\/files\/ghid.pdf\">Ghidul&nbsp; de stil cunorme etice<\/a><\/li><li><a href=\"https:\/\/media-azi.md\/publicatii\/publicate-de-altii\/Media-Landscapes-en.pdf\">Media Landscapes Of Eastern Partnership Countries<\/a><\/li><li><a href=\"https:\/\/media-azi.md\/publicatii\/publicate-de-altii\/Media-Landscapes-ru.pdf\">\u041c\u0435\u0434\u0438\u044f \u041b\u0430\u043d\u0434\u0448\u0430\u0444\u0442\u044b \u0441\u0442\u0440\u0430\u043d \u0432\u043e\u0441\u0442\u043e\u0447\u043d\u043e\u0433\u043e \u043f\u0430\u0440\u0442\u043d\u0435\u0440\u0441\u0442\u0432\u0430<\/a><\/li><li><a href=\"https:\/\/media-azi.md\/publicatii\/publicate-de-altii\/OSF-Media-Report-Moldova-03-01-2012-WEB.pdf\">MAPPING DIGITAL MEDIA: MOLDOVA<\/a><\/li><li><a href=\"https:\/\/media-azi.md\/publicatii\/publicate-de-altii\/do.pdf\">Drepturile Omului &#8211;&nbsp; Jurnali\u015ftii pentru un public informat<\/a><\/li><li><a href=\"http:\/\/www.gutenberg.org\/ebooks\/15718\">How To Write Special Feature Articles by Willard Grosvenor Bleyer<\/a><\/li><li><a href=\"http:\/\/datajournalismhandbook.org\/1.0\/en\/\">Data Journalism Handbook<\/a><\/li><li><a href=\"https:\/\/media-azi.md\/publicatii\/publicate-de-altii\/KosovoAndMedia.pdf\">Kosovo and the Media<\/a><\/li><\/ul>\n","protected":false},"excerpt":{"rendered":"<p>Beneficiarii CJI au acces liber la o bibliotec\u0103 ce con\u021bine din peste 3000 de titluri \u0219i 4240 de exemplare de c\u0103r\u021bi, bro\u0219uri \u0219i filme din diverse domenii, cum ar fi conflictologia, dezvoltarea socio-economic\u0103, guvernarea, drepturile omului, integrarea european\u0103 etc. Biblioteca a fost transmis\u0103 CJI de c\u0103tre Unitatea de implementare a proiectului \u201eCrearea unui cadru de &hellip;<\/p>\n","protected":false},"author":1,"featured_media":0,"parent":0,"menu_order":0,"comment_status":"closed","ping_status":"closed","template":"","meta":{"_acf_changed":false,"_uag_custom_page_level_css":"","_FSMCFIC_featured_image_caption":"","_FSMCFIC_featured_image_nocaption":"","_FSMCFIC_featured_image_hide":"","footnotes":""},"class_list":["post-1841","page","type-page","status-publish","hentry"],"acf":[],"uagb_featured_image_src":{"full":false,"thumbnail":false,"medium":false,"medium_large":false,"large":false,"1536x1536":false,"2048x2048":false,"jannah-image-small":false,"jannah-image-large":false,"jannah-image-post":false,"awsm_team":false},"uagb_author_info":{"display_name":"sadmin","author_link":"https:\/\/media-azi.md\/en\/author\/sadmin\/"},"uagb_comment_info":0,"uagb_excerpt":"Beneficiarii CJI au acces liber la o bibliotec\u0103 ce con\u021bine din peste 3000 de titluri \u0219i 4240 de exemplare de c\u0103r\u021bi, bro\u0219uri \u0219i filme din diverse domenii, cum ar fi conflictologia, dezvoltarea socio-economic\u0103, guvernarea, drepturile omului, integrarea european\u0103 etc. Biblioteca a fost transmis\u0103 CJI de c\u0103tre Unitatea de implementare a proiectului \u201eCrearea unui cadru de&hellip;","amp_enabled":true,"_links":{"self":[{"href":"https:\/\/media-azi.md\/en\/wp-json\/wp\/v2\/pages\/1841","targetHints":{"allow":["GET"]}}],"collection":[{"href":"https:\/\/media-azi.md\/en\/wp-json\/wp\/v2\/pages"}],"about":[{"href":"https:\/\/media-azi.md\/en\/wp-json\/wp\/v2\/types\/page"}],"author":[{"embeddable":true,"href":"https:\/\/media-azi.md\/en\/wp-json\/wp\/v2\/users\/1"}],"replies":[{"embeddable":true,"href":"https:\/\/media-azi.md\/en\/wp-json\/wp\/v2\/comments?post=1841"}],"version-history":[{"count":2,"href":"https:\/\/media-azi.md\/en\/wp-json\/wp\/v2\/pages\/1841\/revisions"}],"predecessor-version":[{"id":1890,"href":"https:\/\/media-azi.md\/en\/wp-json\/wp\/v2\/pages\/1841\/revisions\/1890"}],"wp:attachment":[{"href":"https:\/\/media-azi.md\/en\/wp-json\/wp\/v2\/media?parent=1841"}],"curies":[{"name":"wp","href":"https:\/\/api.w.org\/{rel}","templated":true}]}}